{"id":7,"date":"2025-08-01T04:30:46","date_gmt":"2025-08-01T04:30:46","guid":{"rendered":"https:\/\/ibarraramirezmariafcc.com\/?page_id=7"},"modified":"2025-09-17T02:19:03","modified_gmt":"2025-09-17T02:19:03","slug":"home","status":"publish","type":"page","link":"https:\/\/ibarraramirezmariafcc.com\/es\/","title":{"rendered":"Inicio"},"content":{"rendered":"<div data-elementor-type=\"wp-page\" data-elementor-id=\"7\" class=\"elementor elementor-7\">\n\t\t\t\t<div class=\"elementor-element elementor-element-0457af3 e-flex e-con-boxed e-con e-parent\" data-id=\"0457af3\" data-element_type=\"container\" data-e-type=\"container\" data-settings=\"{&quot;background_background&quot;:&quot;classic&quot;}\">\n\t\t\t\t\t<div class=\"e-con-inner\">\n\t\t<div class=\"elementor-element elementor-element-5e57f0a e-con-full e-flex e-con e-child\" data-id=\"5e57f0a\" data-element_type=\"container\" data-e-type=\"container\" data-settings=\"{&quot;background_background&quot;:&quot;classic&quot;}\">\n\t\t\t\t<div class=\"elementor-element elementor-element-aa3d1e5 elementor-widget elementor-widget-heading\" data-id=\"aa3d1e5\" data-element_type=\"widget\" data-e-type=\"widget\" data-widget_type=\"heading.default\">\n\t\t\t\t\t<h1 class=\"elementor-heading-title elementor-size-default\">Ibarra Ramirez Maria  Family Child Care<\/h1>\t\t\t\t<\/div>\n\t\t\t\t<div class=\"elementor-element elementor-element-d9fd02b elementor-widget elementor-widget-text-editor\" data-id=\"d9fd02b\" data-element_type=\"widget\" data-e-type=\"widget\" data-widget_type=\"text-editor.default\">\n\t\t\t\t\t\t\t\t\t<p>El aprendizaje es divertido con actividades manuales, corazones felices y sonrisas que duran todo el d\u00eda.<\/p>\t\t\t\t\t\t\t\t<\/div>\n\t\t\t\t<\/div>\n\t\t\t\t<div class=\"elementor-element elementor-element-a3b905c elementor-widget elementor-widget-button\" data-id=\"a3b905c\" data-element_type=\"widget\" data-e-type=\"widget\" data-widget_type=\"button.default\">\n\t\t\t\t\t\t\t\t\t\t<a class=\"elementor-button elementor-button-link elementor-size-sm elementor-animation-grow\" href=\"https:\/\/ibarraramirezmariafcc.com\/es\/contact\/\">\n\t\t\t\t\t\t<span class=\"elementor-button-content-wrapper\">\n\t\t\t\t\t\t\t\t\t<span class=\"elementor-button-text\">Programar una visita<\/span>\n\t\t\t\t\t<\/span>\n\t\t\t\t\t<\/a>\n\t\t\t\t\t\t\t\t<\/div>\n\t\t\t\t\t<\/div>\n\t\t\t\t<\/div>\n\t\t<div class=\"elementor-element elementor-element-ccce9ee e-con-full e-flex e-con e-parent\" data-id=\"ccce9ee\" data-element_type=\"container\" data-e-type=\"container\" data-settings=\"{&quot;background_background&quot;:&quot;classic&quot;}\">\n\t\t<div class=\"elementor-element elementor-element-41ca585 e-con-full e-flex e-con e-child\" data-id=\"41ca585\" data-element_type=\"container\" data-e-type=\"container\">\n\t\t\t\t<div class=\"elementor-element elementor-element-75c8c67 elementor-widget elementor-widget-image\" data-id=\"75c8c67\" data-element_type=\"widget\" data-e-type=\"widget\" data-widget_type=\"image.default\">\n\t\t\t\t\t\t\t\t\t\t\t\t\t\t\t<img fetchpriority=\"high\" decoding=\"async\" width=\"494\" height=\"370\" src=\"https:\/\/ibarraramirezmariafcc.com\/wp-content\/uploads\/2025\/09\/logo-original-cropped.png\" class=\"attachment-large size-large wp-image-321\" alt=\"Business logo.\" srcset=\"https:\/\/ibarraramirezmariafcc.com\/wp-content\/uploads\/2025\/09\/logo-original-cropped.png 494w, https:\/\/ibarraramirezmariafcc.com\/wp-content\/uploads\/2025\/09\/logo-original-cropped-300x225.png 300w, https:\/\/ibarraramirezmariafcc.com\/wp-content\/uploads\/2025\/09\/logo-original-cropped-16x12.png 16w\" sizes=\"(max-width: 494px) 100vw, 494px\" \/>\t\t\t\t\t\t\t\t\t\t\t\t\t\t\t<\/div>\n\t\t\t\t<\/div>\n\t\t<div class=\"elementor-element elementor-element-1937481 e-con-full e-flex e-con e-child\" data-id=\"1937481\" data-element_type=\"container\" data-e-type=\"container\">\n\t\t\t\t<div class=\"elementor-element elementor-element-42669cd elementor-widget elementor-widget-heading\" data-id=\"42669cd\" data-element_type=\"widget\" data-e-type=\"widget\" data-widget_type=\"heading.default\">\n\t\t\t\t\t<h2 class=\"elementor-heading-title elementor-size-default\">Bienvenidos a Ibarra Ramirez Maria Family Child Care<\/h2>\t\t\t\t<\/div>\n\t\t\t\t<div class=\"elementor-element elementor-element-eaeb936 elementor-widget elementor-widget-heading\" data-id=\"eaeb936\" data-element_type=\"widget\" data-e-type=\"widget\" data-widget_type=\"heading.default\">\n\t\t\t\t\t<h3 class=\"elementor-heading-title elementor-size-default\">Cuidar peque\u00f1os corazones y grandes imaginaciones<\/h3>\t\t\t\t<\/div>\n\t\t\t\t<div class=\"elementor-element elementor-element-0ef8ad4 elementor-widget elementor-widget-text-editor\" data-id=\"0ef8ad4\" data-element_type=\"widget\" data-e-type=\"widget\" data-widget_type=\"text-editor.default\">\n\t\t\t\t\t\t\t\t\t<p data-start=\"2387\" data-end=\"2597\">Desde 2017, nos hemos centrado en crear un espacio enriquecedor donde cada ni\u00f1o pueda re\u00edr, jugar y descubrir algo nuevo cada d\u00eda. En nuestra enstancia de cuidado infantil, convertimos la curiosidad en autoestima - un momento de alegr\u00eda cada vez.<\/p><p data-start=\"2602\" data-end=\"2710\">\u2705Aceptamos a ni\u00f1os de 0 a 12 a\u00f1os<br data-start=\"2636\" data-end=\"2639\" \/>\u2705 Se aceptan todos los programas<br data-start=\"2664\" data-end=\"2667\" \/>\u2705 Abierto de Lunes a Viernes, de 12:00 AM a  06:30 PM<\/p>\t\t\t\t\t\t\t\t<\/div>\n\t\t\t\t<\/div>\n\t\t\t\t<\/div>\n\t\t<div class=\"elementor-element elementor-element-8fa789c e-con-full e-flex e-con e-parent\" data-id=\"8fa789c\" data-element_type=\"container\" data-e-type=\"container\">\n\t\t\t\t<div class=\"elementor-element elementor-element-4a72097 elementor-widget elementor-widget-heading\" data-id=\"4a72097\" data-element_type=\"widget\" data-e-type=\"widget\" data-widget_type=\"heading.default\">\n\t\t\t\t\t<h2 class=\"elementor-heading-title elementor-size-default\">Instalaciones destacadas<\/h2>\t\t\t\t<\/div>\n\t\t\t\t<\/div>\n\t\t<div class=\"elementor-element elementor-element-03727a6 e-flex e-con-boxed e-con e-parent\" data-id=\"03727a6\" data-element_type=\"container\" data-e-type=\"container\">\n\t\t\t\t\t<div class=\"e-con-inner\">\n\t\t<div class=\"elementor-element elementor-element-ccba4a9 e-con-full hover-text-image e-flex e-con e-child\" data-id=\"ccba4a9\" data-element_type=\"container\" data-e-type=\"container\">\n\t\t\t\t<div class=\"elementor-element elementor-element-18ad4cc elementor-widget elementor-widget-image\" data-id=\"18ad4cc\" data-element_type=\"widget\" data-e-type=\"widget\" data-widget_type=\"image.default\">\n\t\t\t\t\t\t\t\t\t\t\t\t\t\t\t\t<a href=\"#popmake-385\">\n\t\t\t\t\t\t\t<img decoding=\"async\" width=\"800\" height=\"800\" src=\"https:\/\/ibarraramirezmariafcc.com\/wp-content\/uploads\/2025\/08\/Fully-Licensed-Trained-Staff.png\" class=\"attachment-large size-large wp-image-131\" alt=\"Graphic for fully licensed and trained staff.\" srcset=\"https:\/\/ibarraramirezmariafcc.com\/wp-content\/uploads\/2025\/08\/Fully-Licensed-Trained-Staff.png 1024w, https:\/\/ibarraramirezmariafcc.com\/wp-content\/uploads\/2025\/08\/Fully-Licensed-Trained-Staff-300x300.png 300w, https:\/\/ibarraramirezmariafcc.com\/wp-content\/uploads\/2025\/08\/Fully-Licensed-Trained-Staff-150x150.png 150w, https:\/\/ibarraramirezmariafcc.com\/wp-content\/uploads\/2025\/08\/Fully-Licensed-Trained-Staff-768x768.png 768w\" sizes=\"(max-width: 800px) 100vw, 800px\" \/>\t\t\t\t\t\t\t\t<\/a>\n\t\t\t\t\t\t\t\t\t\t\t\t\t\t\t<\/div>\n\t\t\t\t<div class=\"elementor-element elementor-element-d5fc205 elementor-widget elementor-widget-text-editor\" data-id=\"d5fc205\" data-element_type=\"widget\" data-e-type=\"widget\" data-widget_type=\"text-editor.default\">\n\t\t\t\t\t\t\t\t\t<p>Personal con licencia y formaci\u00f3n<\/p>\t\t\t\t\t\t\t\t<\/div>\n\t\t\t\t<\/div>\n\t\t<div class=\"elementor-element elementor-element-25a655d e-con-full hover-text-image e-flex e-con e-child\" data-id=\"25a655d\" data-element_type=\"container\" data-e-type=\"container\">\n\t\t\t\t<div class=\"elementor-element elementor-element-c5e4085 elementor-widget elementor-widget-image\" data-id=\"c5e4085\" data-element_type=\"widget\" data-e-type=\"widget\" data-widget_type=\"image.default\">\n\t\t\t\t\t\t\t\t\t\t\t\t\t\t\t\t<a href=\"#popmake-412\">\n\t\t\t\t\t\t\t<img decoding=\"async\" width=\"800\" height=\"800\" src=\"https:\/\/ibarraramirezmariafcc.com\/wp-content\/uploads\/2025\/08\/Clean-Safe-Sanitized-Environment-1.png\" class=\"attachment-large size-large wp-image-126\" alt=\"\" srcset=\"https:\/\/ibarraramirezmariafcc.com\/wp-content\/uploads\/2025\/08\/Clean-Safe-Sanitized-Environment-1.png 1024w, https:\/\/ibarraramirezmariafcc.com\/wp-content\/uploads\/2025\/08\/Clean-Safe-Sanitized-Environment-1-300x300.png 300w, https:\/\/ibarraramirezmariafcc.com\/wp-content\/uploads\/2025\/08\/Clean-Safe-Sanitized-Environment-1-150x150.png 150w, https:\/\/ibarraramirezmariafcc.com\/wp-content\/uploads\/2025\/08\/Clean-Safe-Sanitized-Environment-1-768x768.png 768w\" sizes=\"(max-width: 800px) 100vw, 800px\" \/>\t\t\t\t\t\t\t\t<\/a>\n\t\t\t\t\t\t\t\t\t\t\t\t\t\t\t<\/div>\n\t\t\t\t<div class=\"elementor-element elementor-element-3449477 elementor-widget elementor-widget-text-editor\" data-id=\"3449477\" data-element_type=\"widget\" data-e-type=\"widget\" data-widget_type=\"text-editor.default\">\n\t\t\t\t\t\t\t\t\t<p>Entorno limpio, seguro y desinfectado<\/p>\t\t\t\t\t\t\t\t<\/div>\n\t\t\t\t<\/div>\n\t\t<div class=\"elementor-element elementor-element-06dac1d e-con-full hover-text-image e-flex e-con e-child\" data-id=\"06dac1d\" data-element_type=\"container\" data-e-type=\"container\">\n\t\t\t\t<div class=\"elementor-element elementor-element-202dca3 elementor-widget elementor-widget-image\" data-id=\"202dca3\" data-element_type=\"widget\" data-e-type=\"widget\" data-widget_type=\"image.default\">\n\t\t\t\t\t\t\t\t\t\t\t\t\t\t\t\t<a href=\"#popmake-418\">\n\t\t\t\t\t\t\t<img loading=\"lazy\" decoding=\"async\" width=\"800\" height=\"800\" src=\"https:\/\/ibarraramirezmariafcc.com\/wp-content\/uploads\/2025\/08\/Nutritious-Meals-Snacks-Provided.png\" class=\"attachment-large size-large wp-image-133\" alt=\"\" srcset=\"https:\/\/ibarraramirezmariafcc.com\/wp-content\/uploads\/2025\/08\/Nutritious-Meals-Snacks-Provided.png 1024w, https:\/\/ibarraramirezmariafcc.com\/wp-content\/uploads\/2025\/08\/Nutritious-Meals-Snacks-Provided-300x300.png 300w, https:\/\/ibarraramirezmariafcc.com\/wp-content\/uploads\/2025\/08\/Nutritious-Meals-Snacks-Provided-150x150.png 150w, https:\/\/ibarraramirezmariafcc.com\/wp-content\/uploads\/2025\/08\/Nutritious-Meals-Snacks-Provided-768x768.png 768w\" sizes=\"(max-width: 800px) 100vw, 800px\" \/>\t\t\t\t\t\t\t\t<\/a>\n\t\t\t\t\t\t\t\t\t\t\t\t\t\t\t<\/div>\n\t\t\t\t<div class=\"elementor-element elementor-element-d0dbf16 elementor-widget elementor-widget-text-editor\" data-id=\"d0dbf16\" data-element_type=\"widget\" data-e-type=\"widget\" data-widget_type=\"text-editor.default\">\n\t\t\t\t\t\t\t\t\t<p>Comidas y meriendas nutritivas<\/p>\t\t\t\t\t\t\t\t<\/div>\n\t\t\t\t<\/div>\n\t\t<div class=\"elementor-element elementor-element-035e584 e-con-full hover-text-image e-flex e-con e-child\" data-id=\"035e584\" data-element_type=\"container\" data-e-type=\"container\">\n\t\t\t\t<div class=\"elementor-element elementor-element-b729e15 elementor-widget elementor-widget-image\" data-id=\"b729e15\" data-element_type=\"widget\" data-e-type=\"widget\" data-widget_type=\"image.default\">\n\t\t\t\t\t\t\t\t\t\t\t\t\t\t\t\t<a href=\"#popmake-424\">\n\t\t\t\t\t\t\t<img loading=\"lazy\" decoding=\"async\" width=\"800\" height=\"800\" src=\"https:\/\/ibarraramirezmariafcc.com\/wp-content\/uploads\/2025\/08\/Creative-Play-Exploration-.png\" class=\"attachment-large size-large wp-image-134\" alt=\"Graphic for creative play and exploration.\" srcset=\"https:\/\/ibarraramirezmariafcc.com\/wp-content\/uploads\/2025\/08\/Creative-Play-Exploration-.png 1024w, https:\/\/ibarraramirezmariafcc.com\/wp-content\/uploads\/2025\/08\/Creative-Play-Exploration--300x300.png 300w, https:\/\/ibarraramirezmariafcc.com\/wp-content\/uploads\/2025\/08\/Creative-Play-Exploration--150x150.png 150w, https:\/\/ibarraramirezmariafcc.com\/wp-content\/uploads\/2025\/08\/Creative-Play-Exploration--768x768.png 768w\" sizes=\"(max-width: 800px) 100vw, 800px\" \/>\t\t\t\t\t\t\t\t<\/a>\n\t\t\t\t\t\t\t\t\t\t\t\t\t\t\t<\/div>\n\t\t\t\t<div class=\"elementor-element elementor-element-a30becc elementor-widget elementor-widget-text-editor\" data-id=\"a30becc\" data-element_type=\"widget\" data-e-type=\"widget\" data-widget_type=\"text-editor.default\">\n\t\t\t\t\t\t\t\t\t<p>Juego creativo y exploraci\u00f3n<\/p>\t\t\t\t\t\t\t\t<\/div>\n\t\t\t\t<\/div>\n\t\t<div class=\"elementor-element elementor-element-73e130e e-con-full hover-text-image e-flex e-con e-child\" data-id=\"73e130e\" data-element_type=\"container\" data-e-type=\"container\">\n\t\t\t\t<div class=\"elementor-element elementor-element-4aa566b elementor-widget elementor-widget-image\" data-id=\"4aa566b\" data-element_type=\"widget\" data-e-type=\"widget\" data-widget_type=\"image.default\">\n\t\t\t\t\t\t\t\t\t\t\t\t\t\t\t\t<a href=\"#popmake-429\">\n\t\t\t\t\t\t\t<img loading=\"lazy\" decoding=\"async\" width=\"800\" height=\"800\" src=\"https:\/\/ibarraramirezmariafcc.com\/wp-content\/uploads\/2025\/08\/Age-Appropriate-Activities.png\" class=\"attachment-large size-large wp-image-135\" alt=\"Graphic for age appropriate educational activities.\" srcset=\"https:\/\/ibarraramirezmariafcc.com\/wp-content\/uploads\/2025\/08\/Age-Appropriate-Activities.png 1024w, https:\/\/ibarraramirezmariafcc.com\/wp-content\/uploads\/2025\/08\/Age-Appropriate-Activities-300x300.png 300w, https:\/\/ibarraramirezmariafcc.com\/wp-content\/uploads\/2025\/08\/Age-Appropriate-Activities-150x150.png 150w, https:\/\/ibarraramirezmariafcc.com\/wp-content\/uploads\/2025\/08\/Age-Appropriate-Activities-768x768.png 768w\" sizes=\"(max-width: 800px) 100vw, 800px\" \/>\t\t\t\t\t\t\t\t<\/a>\n\t\t\t\t\t\t\t\t\t\t\t\t\t\t\t<\/div>\n\t\t\t\t<div class=\"elementor-element elementor-element-e4ee3c4 elementor-widget elementor-widget-text-editor\" data-id=\"e4ee3c4\" data-element_type=\"widget\" data-e-type=\"widget\" data-widget_type=\"text-editor.default\">\n\t\t\t\t\t\t\t\t\t<p>Actividades educativas y adecuadas a la edad<\/p>\t\t\t\t\t\t\t\t<\/div>\n\t\t\t\t<\/div>\n\t\t<div class=\"elementor-element elementor-element-d0fafb4 e-con-full hover-text-image e-flex e-con e-child\" data-id=\"d0fafb4\" data-element_type=\"container\" data-e-type=\"container\">\n\t\t\t\t<div class=\"elementor-element elementor-element-63157d4 elementor-widget elementor-widget-image\" data-id=\"63157d4\" data-element_type=\"widget\" data-e-type=\"widget\" data-widget_type=\"image.default\">\n\t\t\t\t\t\t\t\t\t\t\t\t\t\t\t\t<a href=\"#popmake-435\">\n\t\t\t\t\t\t\t<img loading=\"lazy\" decoding=\"async\" width=\"800\" height=\"800\" src=\"https:\/\/ibarraramirezmariafcc.com\/wp-content\/uploads\/2025\/08\/Loving-Nurturing-Inclusive-Space.png\" class=\"attachment-large size-large wp-image-136\" alt=\"Graphic for nurturing and inclusive space.\" srcset=\"https:\/\/ibarraramirezmariafcc.com\/wp-content\/uploads\/2025\/08\/Loving-Nurturing-Inclusive-Space.png 1024w, https:\/\/ibarraramirezmariafcc.com\/wp-content\/uploads\/2025\/08\/Loving-Nurturing-Inclusive-Space-300x300.png 300w, https:\/\/ibarraramirezmariafcc.com\/wp-content\/uploads\/2025\/08\/Loving-Nurturing-Inclusive-Space-150x150.png 150w, https:\/\/ibarraramirezmariafcc.com\/wp-content\/uploads\/2025\/08\/Loving-Nurturing-Inclusive-Space-768x768.png 768w\" sizes=\"(max-width: 800px) 100vw, 800px\" \/>\t\t\t\t\t\t\t\t<\/a>\n\t\t\t\t\t\t\t\t\t\t\t\t\t\t\t<\/div>\n\t\t\t\t<div class=\"elementor-element elementor-element-e5b3fc1 elementor-widget elementor-widget-text-editor\" data-id=\"e5b3fc1\" data-element_type=\"widget\" data-e-type=\"widget\" data-widget_type=\"text-editor.default\">\n\t\t\t\t\t\t\t\t\t<p>Comunidad solidaria e integradora<\/p>\t\t\t\t\t\t\t\t<\/div>\n\t\t\t\t<\/div>\n\t\t\t\t\t<\/div>\n\t\t\t\t<\/div>\n\t\t<div class=\"elementor-element elementor-element-a16245c e-flex e-con-boxed e-con e-parent\" data-id=\"a16245c\" data-element_type=\"container\" data-e-type=\"container\" data-settings=\"{&quot;background_background&quot;:&quot;classic&quot;}\">\n\t\t\t\t\t<div class=\"e-con-inner\">\n\t\t<div class=\"elementor-element elementor-element-a555d65 e-con-full e-flex e-con e-child\" data-id=\"a555d65\" data-element_type=\"container\" data-e-type=\"container\">\n\t\t\t\t<div class=\"elementor-element elementor-element-7fc3b55 elementor-widget elementor-widget-heading\" data-id=\"7fc3b55\" data-element_type=\"widget\" data-e-type=\"widget\" data-widget_type=\"heading.default\">\n\t\t\t\t\t<h2 class=\"elementor-heading-title elementor-size-default\">\u00a1Consulta nuestras rese\u00f1as en Google!<\/h2>\t\t\t\t<\/div>\n\t\t\t\t<div class=\"elementor-element elementor-element-e4aff16 elementor-widget elementor-widget-button\" data-id=\"e4aff16\" data-element_type=\"widget\" data-e-type=\"widget\" data-widget_type=\"button.default\">\n\t\t\t\t\t\t\t\t\t\t<a class=\"elementor-button elementor-button-link elementor-size-sm elementor-animation-grow\" href=\"https:\/\/www.google.com\/search?q=Ibarra-Ramirez+Maria%2C+Family+Child+Care&#038;rlz=1C1VDKB_enUS974US975&#038;oq=iba&#038;gs_lcrp=EgZjaHJvbWUqCAgCEEUYJxg7MgYIABBFGDkyEwgBEC4YgwEYxwEYsQMY0QMYgAQyCAgCEEUYJxg7MggIAxBFGCcYOzIGCAQQRRg9MgYIBRBFGD0yBggGEEUYQTIGCAcQRRg90gEIMjY3NWowajSoAgCwAgE&#038;sourceid=chrome&#038;ie=UTF-8#lrd=0x80d9539c98d746f5:0xced8429361336e4e,1,,,,\">\n\t\t\t\t\t\t<span class=\"elementor-button-content-wrapper\">\n\t\t\t\t\t\t\t\t\t<span class=\"elementor-button-text\">Leer rese\u00f1as en Google<\/span>\n\t\t\t\t\t<\/span>\n\t\t\t\t\t<\/a>\n\t\t\t\t\t\t\t\t<\/div>\n\t\t\t\t<\/div>\n\t\t<div class=\"elementor-element elementor-element-bea43fe e-con-full e-flex e-con e-child\" data-id=\"bea43fe\" data-element_type=\"container\" data-e-type=\"container\">\n\t\t\t\t<div class=\"elementor-element elementor-element-b98827a elementor-widget elementor-widget-image\" data-id=\"b98827a\" data-element_type=\"widget\" data-e-type=\"widget\" data-widget_type=\"image.default\">\n\t\t\t\t\t\t\t\t\t\t\t\t\t\t\t\t<a href=\"https:\/\/www.google.com\/search?q=Ibarra-Ramirez+Maria%2C+Family+Child+Care&#038;rlz=1C1VDKB_enUS974US975&#038;oq=iba&#038;gs_lcrp=EgZjaHJvbWUqCAgCEEUYJxg7MgYIABBFGDkyEwgBEC4YgwEYxwEYsQMY0QMYgAQyCAgCEEUYJxg7MggIAxBFGCcYOzIGCAQQRRg9MgYIBRBFGD0yBggGEEUYQTIGCAcQRRg90gEIMjY3NWowajSoAgCwAgE&#038;sourceid=chrome&#038;ie=UTF-8#lrd=0x80d9539c98d746f5:0xced8429361336e4e,1,,,,\">\n\t\t\t\t\t\t\t<img loading=\"lazy\" decoding=\"async\" width=\"800\" height=\"800\" src=\"https:\/\/ibarraramirezmariafcc.com\/wp-content\/uploads\/2025\/09\/five-stars.png\" class=\"attachment-large size-large wp-image-323\" alt=\"\" srcset=\"https:\/\/ibarraramirezmariafcc.com\/wp-content\/uploads\/2025\/09\/five-stars.png 1024w, https:\/\/ibarraramirezmariafcc.com\/wp-content\/uploads\/2025\/09\/five-stars-300x300.png 300w, https:\/\/ibarraramirezmariafcc.com\/wp-content\/uploads\/2025\/09\/five-stars-150x150.png 150w, https:\/\/ibarraramirezmariafcc.com\/wp-content\/uploads\/2025\/09\/five-stars-768x768.png 768w, https:\/\/ibarraramirezmariafcc.com\/wp-content\/uploads\/2025\/09\/five-stars-12x12.png 12w\" sizes=\"(max-width: 800px) 100vw, 800px\" \/>\t\t\t\t\t\t\t\t<\/a>\n\t\t\t\t\t\t\t\t\t\t\t\t\t\t\t<\/div>\n\t\t\t\t<\/div>\n\t\t\t\t\t<\/div>\n\t\t\t\t<\/div>\n\t\t\t\t<\/div>","protected":false},"excerpt":{"rendered":"<p>Ibarra Ramirez Maria Family Child Care We make learning fun with hands-on activities, happy hearts, and smiles that last all day. Schedule a Tour Welcome to Ibarra Ramirez Maria Family Child Care Caring for Little Hearts &amp; Big Imaginations Since 2017, we\u2019ve focused on creating a nurturing space where every child can laugh, play, and [&hellip;]<\/p>","protected":false},"author":1,"featured_media":0,"parent":0,"menu_order":0,"comment_status":"closed","ping_status":"closed","template":"","meta":{"footnotes":""},"class_list":["post-7","page","type-page","status-publish","hentry"],"_links":{"self":[{"href":"https:\/\/ibarraramirezmariafcc.com\/es\/wp-json\/wp\/v2\/pages\/7","targetHints":{"allow":["GET"]}}],"collection":[{"href":"https:\/\/ibarraramirezmariafcc.com\/es\/wp-json\/wp\/v2\/pages"}],"about":[{"href":"https:\/\/ibarraramirezmariafcc.com\/es\/wp-json\/wp\/v2\/types\/page"}],"author":[{"embeddable":true,"href":"https:\/\/ibarraramirezmariafcc.com\/es\/wp-json\/wp\/v2\/users\/1"}],"replies":[{"embeddable":true,"href":"https:\/\/ibarraramirezmariafcc.com\/es\/wp-json\/wp\/v2\/comments?post=7"}],"version-history":[{"count":118,"href":"https:\/\/ibarraramirezmariafcc.com\/es\/wp-json\/wp\/v2\/pages\/7\/revisions"}],"predecessor-version":[{"id":499,"href":"https:\/\/ibarraramirezmariafcc.com\/es\/wp-json\/wp\/v2\/pages\/7\/revisions\/499"}],"wp:attachment":[{"href":"https:\/\/ibarraramirezmariafcc.com\/es\/wp-json\/wp\/v2\/media?parent=7"}],"curies":[{"name":"wp","href":"https:\/\/api.w.org\/{rel}","templated":true}]}}