{"id":10,"date":"2025-08-01T04:30:59","date_gmt":"2025-08-01T04:30:59","guid":{"rendered":"https:\/\/ibarraramirezmariafcc.com\/?page_id=10"},"modified":"2025-09-18T03:03:46","modified_gmt":"2025-09-18T03:03:46","slug":"about","status":"publish","type":"page","link":"https:\/\/ibarraramirezmariafcc.com\/es\/about\/","title":{"rendered":"Acerca de"},"content":{"rendered":"<div data-elementor-type=\"wp-page\" data-elementor-id=\"10\" class=\"elementor elementor-10\">\n\t\t\t\t<div class=\"elementor-element elementor-element-b92c673 e-flex e-con-boxed e-con e-parent\" data-id=\"b92c673\" data-element_type=\"container\" data-e-type=\"container\" data-settings=\"{&quot;background_background&quot;:&quot;classic&quot;}\">\n\t\t\t\t\t<div class=\"e-con-inner\">\n\t\t<div class=\"elementor-element elementor-element-29899b8 e-con-full e-flex e-con e-child\" data-id=\"29899b8\" data-element_type=\"container\" data-e-type=\"container\" data-settings=\"{&quot;background_background&quot;:&quot;classic&quot;}\">\n\t\t\t\t<div class=\"elementor-element elementor-element-3f0ab68 elementor-widget elementor-widget-heading\" data-id=\"3f0ab68\" data-element_type=\"widget\" data-e-type=\"widget\" data-widget_type=\"heading.default\">\n\t\t\t\t\t<h1 class=\"elementor-heading-title elementor-size-default\">\u00a1Bienvenidos!<\/h1>\t\t\t\t<\/div>\n\t\t<div class=\"elementor-element elementor-element-d85c9d0 e-con-full e-flex e-con e-child\" data-id=\"d85c9d0\" data-element_type=\"container\" data-e-type=\"container\" data-settings=\"{&quot;background_background&quot;:&quot;classic&quot;}\">\n\t\t\t\t<div class=\"elementor-element elementor-element-813f235 elementor-widget elementor-widget-text-editor\" data-id=\"813f235\" data-element_type=\"widget\" data-e-type=\"widget\" data-widget_type=\"text-editor.default\">\n\t\t\t\t\t\t\t\t\t<p>En Ibarra Ramirez Maria Family Child Care, ofrecemos m\u00e1s que cuidado infantil \u2014 brindamos un espacio seguro e inclusivo donde los ni\u00f1os se sienten amados, apoyados e inspirados todos los d\u00edas. Atendemos a familias con ni\u00f1os de 0 a 12 a\u00f1os y aceptamos con orgullo todos los programas para garantizar una atenci\u00f3n accesible para cada ni\u00f1o(a). Con orientaci\u00f3n amorosa, exploraci\u00f3n creativa y actividades apropiadas para su edad, ayudamos a que los peque\u00f1os aprendices crezcan como personas seguras, curiosas y llenas de confianza \u2014 todo mientras damos tranquilidad a los padres.\n\nNuestras puertas est\u00e1n abiertas de lunes a viernes, de 12:00 a.m. a 6:30 p.m., listas para recibir a tu familia como parte de la nuestra.<\/p>\t\t\t\t\t\t\t\t<\/div>\n\t\t\t\t<\/div>\n\t\t<div class=\"elementor-element elementor-element-77a0908 e-con-full e-flex e-con e-child\" data-id=\"77a0908\" data-element_type=\"container\" data-e-type=\"container\" data-settings=\"{&quot;background_background&quot;:&quot;classic&quot;}\">\n\t\t<div class=\"elementor-element elementor-element-3590d9e e-con-full e-flex e-con e-child\" data-id=\"3590d9e\" data-element_type=\"container\" data-e-type=\"container\">\n\t\t\t\t<div class=\"elementor-element elementor-element-833c6d8 elementor-widget elementor-widget-image\" data-id=\"833c6d8\" data-element_type=\"widget\" data-e-type=\"widget\" data-widget_type=\"image.default\">\n\t\t\t\t\t\t\t\t\t\t\t\t\t\t\t<img fetchpriority=\"high\" decoding=\"async\" width=\"800\" height=\"656\" src=\"https:\/\/ibarraramirezmariafcc.com\/wp-content\/uploads\/2025\/08\/about-image2-1024x840.jpg\" class=\"attachment-large size-large wp-image-205\" alt=\"Image of Maria.\" srcset=\"https:\/\/ibarraramirezmariafcc.com\/wp-content\/uploads\/2025\/08\/about-image2-1024x840.jpg 1024w, https:\/\/ibarraramirezmariafcc.com\/wp-content\/uploads\/2025\/08\/about-image2-300x246.jpg 300w, https:\/\/ibarraramirezmariafcc.com\/wp-content\/uploads\/2025\/08\/about-image2-768x630.jpg 768w, https:\/\/ibarraramirezmariafcc.com\/wp-content\/uploads\/2025\/08\/about-image2-1536x1261.jpg 1536w, https:\/\/ibarraramirezmariafcc.com\/wp-content\/uploads\/2025\/08\/about-image2-2048x1681.jpg 2048w\" sizes=\"(max-width: 800px) 100vw, 800px\" \/>\t\t\t\t\t\t\t\t\t\t\t\t\t\t\t<\/div>\n\t\t\t\t<\/div>\n\t\t<div class=\"elementor-element elementor-element-bafb821 e-con-full e-flex e-con e-child\" data-id=\"bafb821\" data-element_type=\"container\" data-e-type=\"container\">\n\t\t<div class=\"elementor-element elementor-element-35c8be1 e-con-full e-flex e-con e-child\" data-id=\"35c8be1\" data-element_type=\"container\" data-e-type=\"container\" data-settings=\"{&quot;background_background&quot;:&quot;classic&quot;}\">\n\t\t\t\t<div class=\"elementor-element elementor-element-0bcbe90 elementor-widget elementor-widget-heading\" data-id=\"0bcbe90\" data-element_type=\"widget\" data-e-type=\"widget\" data-widget_type=\"heading.default\">\n\t\t\t\t\t<h2 class=\"elementor-heading-title elementor-size-default\">Sobre m\u00ed<\/h2>\t\t\t\t<\/div>\n\t\t\t\t<\/div>\n\t\t<div class=\"elementor-element elementor-element-19d9ae4 e-con-full e-flex e-con e-child\" data-id=\"19d9ae4\" data-element_type=\"container\" data-e-type=\"container\" data-settings=\"{&quot;background_background&quot;:&quot;classic&quot;}\">\n\t\t\t\t<div class=\"elementor-element elementor-element-90961d0 elementor-widget elementor-widget-text-editor\" data-id=\"90961d0\" data-element_type=\"widget\" data-e-type=\"widget\" data-widget_type=\"text-editor.default\">\n\t\t\t\t\t\t\t\t\t<p data-start=\"245\" data-end=\"530\">Hola, soy Mar\u00eda Ibarra. Creo que cada momento \u2014grande o peque\u00f1o\u2014 es una oportunidad para que los ni\u00f1os crezcan, aprendan y se conviertan en la mejor versi\u00f3n de s\u00ed mismos. Nac\u00ed en M\u00e9xico y aporto tanto la calidez de mi cultura como una profunda pasi\u00f3n por el desarrollo infantil temprano en todo lo que hago. En nuestra guarder\u00eda, mi objetivo es crear un ambiente seguro, amoroso e inspirador donde los ni\u00f1os puedan desarrollarse a trav\u00e9s del juego, la creatividad y la conexi\u00f3n.<\/p><p data-start=\"532\" data-end=\"824\">Cuento con una licenciatura en Psicolog\u00eda obtenida en M\u00e9xico y contin\u00fao ampliando mis conocimientos mediante estudios continuos en desarrollo infantil. Mi formaci\u00f3n me permite crear un ambiente que fomenta no solo el aprendizaje, sino tambi\u00e9n el crecimiento emocional, la curiosidad y la confianza en cada ni\u00f1o(a) que cruza nuestras puertas.<\/p>\t\t\t\t\t\t\t\t<\/div>\n\t\t\t\t<\/div>\n\t\t\t\t<\/div>\n\t\t\t\t<\/div>\n\t\t<div class=\"elementor-element elementor-element-7329a9f e-con-full e-flex e-con e-child\" data-id=\"7329a9f\" data-element_type=\"container\" data-e-type=\"container\" data-settings=\"{&quot;background_background&quot;:&quot;classic&quot;}\">\n\t\t\t\t<div class=\"elementor-element elementor-element-2e03628 elementor-widget elementor-widget-heading\" data-id=\"2e03628\" data-element_type=\"widget\" data-e-type=\"widget\" data-widget_type=\"heading.default\">\n\t\t\t\t\t<h2 class=\"elementor-heading-title elementor-size-default\">Datos curiosos <\/h2>\t\t\t\t<\/div>\n\t\t<div class=\"elementor-element elementor-element-db18ff0 e-con-full e-flex e-con e-child\" data-id=\"db18ff0\" data-element_type=\"container\" data-e-type=\"container\" data-settings=\"{&quot;background_background&quot;:&quot;classic&quot;}\">\n\t\t\t\t<div class=\"elementor-element elementor-element-a7d460a elementor-widget elementor-widget-text-editor\" data-id=\"a7d460a\" data-element_type=\"widget\" data-e-type=\"widget\" data-widget_type=\"text-editor.default\">\n\t\t\t\t\t\t\t\t\t<p data-start=\"155\" data-end=\"186\">\u2b50  Me encanta hacer senderismo y leer.<\/p><p data-start=\"189\" data-end=\"229\">\ud83d\udd8d\ufe0f  Tengo una profunda pasi\u00f3n por el aprendizaje y la educaci\u00f3n.<\/p><p data-start=\"232\" data-end=\"263\">\u2764\ufe0f  No puedo vivir sin caf\u00e9.<\/p>\t\t\t\t\t\t\t\t<\/div>\n\t\t\t\t<\/div>\n\t\t\t\t<\/div>\n\t\t\t\t<\/div>\n\t\t\t\t\t<\/div>\n\t\t\t\t<\/div>\n\t\t\t\t<\/div>","protected":false},"excerpt":{"rendered":"<p>Welcome! At Ibarra Ramirez Maria Family Child Care, we provide more than childcare \u2014 we offer a safe, inclusive space where children feel loved, supported, and inspired every day. We serve families with children ages 0\u201312 and proudly accept all programs to ensure accessible care for every child. With nurturing guidance, creative exploration, and age-appropriate [&hellip;]<\/p>","protected":false},"author":1,"featured_media":0,"parent":0,"menu_order":0,"comment_status":"closed","ping_status":"closed","template":"","meta":{"footnotes":""},"class_list":["post-10","page","type-page","status-publish","hentry"],"_links":{"self":[{"href":"https:\/\/ibarraramirezmariafcc.com\/es\/wp-json\/wp\/v2\/pages\/10","targetHints":{"allow":["GET"]}}],"collection":[{"href":"https:\/\/ibarraramirezmariafcc.com\/es\/wp-json\/wp\/v2\/pages"}],"about":[{"href":"https:\/\/ibarraramirezmariafcc.com\/es\/wp-json\/wp\/v2\/types\/page"}],"author":[{"embeddable":true,"href":"https:\/\/ibarraramirezmariafcc.com\/es\/wp-json\/wp\/v2\/users\/1"}],"replies":[{"embeddable":true,"href":"https:\/\/ibarraramirezmariafcc.com\/es\/wp-json\/wp\/v2\/comments?post=10"}],"version-history":[{"count":61,"href":"https:\/\/ibarraramirezmariafcc.com\/es\/wp-json\/wp\/v2\/pages\/10\/revisions"}],"predecessor-version":[{"id":533,"href":"https:\/\/ibarraramirezmariafcc.com\/es\/wp-json\/wp\/v2\/pages\/10\/revisions\/533"}],"wp:attachment":[{"href":"https:\/\/ibarraramirezmariafcc.com\/es\/wp-json\/wp\/v2\/media?parent=10"}],"curies":[{"name":"wp","href":"https:\/\/api.w.org\/{rel}","templated":true}]}}